{"id":5,"date":"2022-03-16T10:41:40","date_gmt":"2022-03-16T09:41:40","guid":{"rendered":"https:\/\/www.aquastav.sk\/?page_id=5"},"modified":"2025-03-23T15:13:09","modified_gmt":"2025-03-23T14:13:09","slug":"o-nas","status":"publish","type":"page","link":"https:\/\/www.aquastav.sk\/","title":{"rendered":"O n\u00e1s"},"content":{"rendered":"\n<p>Spolo\u010dnos\u0165 Aquastav, a.s. bola zalo\u017een\u00e1 06.12.2002 ako in\u017einiersko &#8211; stavebn\u00e1 spolo\u010dnos\u0165, ktorej hlavnou n\u00e1pl\u0148ou je uskuto\u010d\u0148ovanie stavieb a ich zmien v oblastiach:<\/p>\n\n\n\n<ul><li><em>vodohospod\u00e1rske&nbsp;stavby&nbsp;a&nbsp;ekologick\u00e9&nbsp;stavby<\/em><\/li><li><em>pozemn\u00e9&nbsp;stavby<\/em><\/li><li><em>in\u017einierske&nbsp;stavby<\/em><\/li><\/ul>\n\n\n\n<p>Sme dr\u017eite\u013emi nasledovn\u00fdch certifik\u00e1tov v odbore Vodohospod\u00e1rske diela a ekologick\u00e9 stavby, pozemn\u00e9 stavby a in\u017einierske stavby:<\/p>\n\n\n\n<ul><li><em><a href=\"https:\/\/www.aquastav.sk\/wp-content\/uploads\/2025\/03\/STN-ISO-9001.pdf\" target=\"_blank\" rel=\"noreferrer noopener\">syst\u00e9m mana\u017e\u00e9rstva kvality pod\u013ea STN EN ISO 9001:2016<\/a><\/em><\/li><li><em><a href=\"https:\/\/www.aquastav.sk\/wp-content\/uploads\/2025\/03\/STN-ISO-14001.pdf\" target=\"_blank\" rel=\"noreferrer noopener\">syst\u00e9m enviroment\u00e1lneho mana\u017e\u00e9rstva pod\u013ea STN EN ISO 14001:2016<\/a><\/em><\/li><li><em><a href=\"https:\/\/www.aquastav.sk\/wp-content\/uploads\/2025\/03\/STN-ISO-45001.pdf\" target=\"_blank\" rel=\"noreferrer noopener\">syst\u00e9m bezpe\u010dnosti a ochrany zdravia pri pr\u00e1ci pod\u013ea STN EN ISO 45001:2018<\/a><\/em><\/li><\/ul>\n\n\n\n<p><\/p>\n","protected":false},"excerpt":{"rendered":"<p>Spolo\u010dnos\u0165 Aquastav, a.s. bola zalo\u017een\u00e1 06.12.2002 ako in\u017einiersko &#8211; stavebn\u00e1 spolo\u010dnos\u0165, ktorej hlavnou n\u00e1pl\u0148ou je uskuto\u010d\u0148ovanie stavieb a ich zmien v oblastiach: vodohospod\u00e1rske&nbsp;stavby&nbsp;a&nbsp;ekologick\u00e9&nbsp;stavby pozemn\u00e9&nbsp;stavby in\u017einierske&nbsp;stavby Sme dr\u017eite\u013emi nasledovn\u00fdch certifik\u00e1tov v odbore Vodohospod\u00e1rske diela a ekologick\u00e9 stavby, pozemn\u00e9 stavby a in\u017einierske stavby: syst\u00e9m mana\u017e\u00e9rstva kvality pod\u013ea STN EN ISO 9001:2016 syst\u00e9m enviroment\u00e1lneho mana\u017e\u00e9rstva pod\u013ea STN EN [&hellip;]<\/p>\n","protected":false},"author":1,"featured_media":0,"parent":0,"menu_order":0,"comment_status":"closed","ping_status":"closed","template":"","meta":{"_monsterinsights_skip_tracking":false,"_monsterinsights_sitenote_active":false,"_monsterinsights_sitenote_note":"","_monsterinsights_sitenote_category":0},"yoast_head":"<!-- This site is optimized with the Yoast SEO plugin v19.13 - https:\/\/yoast.com\/wordpress\/plugins\/seo\/ -->\n<title>O n\u00e1s - Aquastav, a.s.<\/title>\n<meta name=\"description\" content=\"Spolo\u010dnos\u0165 Aquastav, a.s. bola zalo\u017een\u00e1 06.12.2002 ako in\u017einiersko - stavebn\u00e1 spolo\u010dnos\u0165, ktorej hlavnou n\u00e1pl\u0148ou je uskuto\u010d\u0148ovanie stavieb a ich zmien.\" \/>\n<meta name=\"robots\" content=\"index, follow, max-snippet:-1, max-image-preview:large, max-video-preview:-1\" \/>\n<link rel=\"canonical\" href=\"https:\/\/www.aquastav.sk\/\" \/>\n<meta property=\"og:locale\" content=\"sk_SK\" \/>\n<meta property=\"og:type\" content=\"article\" \/>\n<meta property=\"og:title\" content=\"O n\u00e1s - Aquastav, a.s.\" \/>\n<meta property=\"og:description\" content=\"Spolo\u010dnos\u0165 Aquastav, a.s. bola zalo\u017een\u00e1 06.12.2002 ako in\u017einiersko - stavebn\u00e1 spolo\u010dnos\u0165, ktorej hlavnou n\u00e1pl\u0148ou je uskuto\u010d\u0148ovanie stavieb a ich zmien.\" \/>\n<meta property=\"og:url\" content=\"https:\/\/www.aquastav.sk\/\" \/>\n<meta property=\"og:site_name\" content=\"Aquastav, a.s.\" \/>\n<meta property=\"article:modified_time\" content=\"2025-03-23T14:13:09+00:00\" \/>\n<meta name=\"twitter:card\" content=\"summary_large_image\" \/>\n<meta name=\"twitter:label1\" content=\"Predpokladan\u00fd \u010das \u010d\u00edtania\" \/>\n\t<meta name=\"twitter:data1\" content=\"1 min\u00fata\" \/>\n<script type=\"application\/ld+json\" class=\"yoast-schema-graph\">{\"@context\":\"https:\/\/schema.org\",\"@graph\":[{\"@type\":\"WebPage\",\"@id\":\"https:\/\/www.aquastav.sk\/\",\"url\":\"https:\/\/www.aquastav.sk\/\",\"name\":\"O n\u00e1s - Aquastav, a.s.\",\"isPartOf\":{\"@id\":\"https:\/\/www.aquastav.sk\/#website\"},\"datePublished\":\"2022-03-16T09:41:40+00:00\",\"dateModified\":\"2025-03-23T14:13:09+00:00\",\"description\":\"Spolo\u010dnos\u0165 Aquastav, a.s. bola zalo\u017een\u00e1 06.12.2002 ako in\u017einiersko - stavebn\u00e1 spolo\u010dnos\u0165, ktorej hlavnou n\u00e1pl\u0148ou je uskuto\u010d\u0148ovanie stavieb a ich zmien.\",\"breadcrumb\":{\"@id\":\"https:\/\/www.aquastav.sk\/#breadcrumb\"},\"inLanguage\":\"sk-SK\",\"potentialAction\":[{\"@type\":\"ReadAction\",\"target\":[\"https:\/\/www.aquastav.sk\/\"]}]},{\"@type\":\"BreadcrumbList\",\"@id\":\"https:\/\/www.aquastav.sk\/#breadcrumb\",\"itemListElement\":[{\"@type\":\"ListItem\",\"position\":1,\"name\":\"Home\",\"item\":\"https:\/\/www.aquastav.sk\/\"},{\"@type\":\"ListItem\",\"position\":2,\"name\":\"O n\u00e1s\"}]},{\"@type\":\"WebSite\",\"@id\":\"https:\/\/www.aquastav.sk\/#website\",\"url\":\"https:\/\/www.aquastav.sk\/\",\"name\":\"Aquastav, a.s.\",\"description\":\"\",\"publisher\":{\"@id\":\"https:\/\/www.aquastav.sk\/#organization\"},\"potentialAction\":[{\"@type\":\"SearchAction\",\"target\":{\"@type\":\"EntryPoint\",\"urlTemplate\":\"https:\/\/www.aquastav.sk\/?s={search_term_string}\"},\"query-input\":\"required name=search_term_string\"}],\"inLanguage\":\"sk-SK\"},{\"@type\":\"Organization\",\"@id\":\"https:\/\/www.aquastav.sk\/#organization\",\"name\":\"Aquastav, a.s.\",\"url\":\"https:\/\/www.aquastav.sk\/\",\"logo\":{\"@type\":\"ImageObject\",\"inLanguage\":\"sk-SK\",\"@id\":\"https:\/\/www.aquastav.sk\/#\/schema\/logo\/image\/\",\"url\":\"https:\/\/www.aquastav.sk\/wp-content\/uploads\/2022\/03\/logo.jpg\",\"contentUrl\":\"https:\/\/www.aquastav.sk\/wp-content\/uploads\/2022\/03\/logo.jpg\",\"width\":1176,\"height\":826,\"caption\":\"Aquastav, a.s.\"},\"image\":{\"@id\":\"https:\/\/www.aquastav.sk\/#\/schema\/logo\/image\/\"}}]}<\/script>\n<!-- \/ Yoast SEO plugin. -->","yoast_head_json":{"title":"O n\u00e1s - Aquastav, a.s.","description":"Spolo\u010dnos\u0165 Aquastav, a.s. bola zalo\u017een\u00e1 06.12.2002 ako in\u017einiersko - stavebn\u00e1 spolo\u010dnos\u0165, ktorej hlavnou n\u00e1pl\u0148ou je uskuto\u010d\u0148ovanie stavieb a ich zmien.","robots":{"index":"index","follow":"follow","max-snippet":"max-snippet:-1","max-image-preview":"max-image-preview:large","max-video-preview":"max-video-preview:-1"},"canonical":"https:\/\/www.aquastav.sk\/","og_locale":"sk_SK","og_type":"article","og_title":"O n\u00e1s - Aquastav, a.s.","og_description":"Spolo\u010dnos\u0165 Aquastav, a.s. bola zalo\u017een\u00e1 06.12.2002 ako in\u017einiersko - stavebn\u00e1 spolo\u010dnos\u0165, ktorej hlavnou n\u00e1pl\u0148ou je uskuto\u010d\u0148ovanie stavieb a ich zmien.","og_url":"https:\/\/www.aquastav.sk\/","og_site_name":"Aquastav, a.s.","article_modified_time":"2025-03-23T14:13:09+00:00","twitter_card":"summary_large_image","twitter_misc":{"Predpokladan\u00fd \u010das \u010d\u00edtania":"1 min\u00fata"},"schema":{"@context":"https:\/\/schema.org","@graph":[{"@type":"WebPage","@id":"https:\/\/www.aquastav.sk\/","url":"https:\/\/www.aquastav.sk\/","name":"O n\u00e1s - Aquastav, a.s.","isPartOf":{"@id":"https:\/\/www.aquastav.sk\/#website"},"datePublished":"2022-03-16T09:41:40+00:00","dateModified":"2025-03-23T14:13:09+00:00","description":"Spolo\u010dnos\u0165 Aquastav, a.s. bola zalo\u017een\u00e1 06.12.2002 ako in\u017einiersko - stavebn\u00e1 spolo\u010dnos\u0165, ktorej hlavnou n\u00e1pl\u0148ou je uskuto\u010d\u0148ovanie stavieb a ich zmien.","breadcrumb":{"@id":"https:\/\/www.aquastav.sk\/#breadcrumb"},"inLanguage":"sk-SK","potentialAction":[{"@type":"ReadAction","target":["https:\/\/www.aquastav.sk\/"]}]},{"@type":"BreadcrumbList","@id":"https:\/\/www.aquastav.sk\/#breadcrumb","itemListElement":[{"@type":"ListItem","position":1,"name":"Home","item":"https:\/\/www.aquastav.sk\/"},{"@type":"ListItem","position":2,"name":"O n\u00e1s"}]},{"@type":"WebSite","@id":"https:\/\/www.aquastav.sk\/#website","url":"https:\/\/www.aquastav.sk\/","name":"Aquastav, a.s.","description":"","publisher":{"@id":"https:\/\/www.aquastav.sk\/#organization"},"potentialAction":[{"@type":"SearchAction","target":{"@type":"EntryPoint","urlTemplate":"https:\/\/www.aquastav.sk\/?s={search_term_string}"},"query-input":"required name=search_term_string"}],"inLanguage":"sk-SK"},{"@type":"Organization","@id":"https:\/\/www.aquastav.sk\/#organization","name":"Aquastav, a.s.","url":"https:\/\/www.aquastav.sk\/","logo":{"@type":"ImageObject","inLanguage":"sk-SK","@id":"https:\/\/www.aquastav.sk\/#\/schema\/logo\/image\/","url":"https:\/\/www.aquastav.sk\/wp-content\/uploads\/2022\/03\/logo.jpg","contentUrl":"https:\/\/www.aquastav.sk\/wp-content\/uploads\/2022\/03\/logo.jpg","width":1176,"height":826,"caption":"Aquastav, a.s."},"image":{"@id":"https:\/\/www.aquastav.sk\/#\/schema\/logo\/image\/"}}]}},"_links":{"self":[{"href":"https:\/\/www.aquastav.sk\/index.php?rest_route=\/wp\/v2\/pages\/5"}],"collection":[{"href":"https:\/\/www.aquastav.sk\/index.php?rest_route=\/wp\/v2\/pages"}],"about":[{"href":"https:\/\/www.aquastav.sk\/index.php?rest_route=\/wp\/v2\/types\/page"}],"author":[{"embeddable":true,"href":"https:\/\/www.aquastav.sk\/index.php?rest_route=\/wp\/v2\/users\/1"}],"replies":[{"embeddable":true,"href":"https:\/\/www.aquastav.sk\/index.php?rest_route=%2Fwp%2Fv2%2Fcomments&post=5"}],"version-history":[{"count":4,"href":"https:\/\/www.aquastav.sk\/index.php?rest_route=\/wp\/v2\/pages\/5\/revisions"}],"predecessor-version":[{"id":232,"href":"https:\/\/www.aquastav.sk\/index.php?rest_route=\/wp\/v2\/pages\/5\/revisions\/232"}],"wp:attachment":[{"href":"https:\/\/www.aquastav.sk\/index.php?rest_route=%2Fwp%2Fv2%2Fmedia&parent=5"}],"curies":[{"name":"wp","href":"https:\/\/api.w.org\/{rel}","templated":true}]}}