{"id":205,"date":"2022-03-21T09:37:15","date_gmt":"2022-03-21T08:37:15","guid":{"rendered":"https:\/\/www.aquastav.sk\/?page_id=205"},"modified":"2022-03-21T09:38:02","modified_gmt":"2022-03-21T08:38:02","slug":"d4r7-d4-jarovce-ivanka-sever","status":"publish","type":"page","link":"https:\/\/www.aquastav.sk\/?page_id=205","title":{"rendered":"D4R7 &#8211; D4 Jarovce &#8211; Ivanka sever"},"content":{"rendered":"\n<div class=\"wp-block-columns\">\n<div class=\"wp-block-column\" style=\"flex-basis:33.33%\">\n<p>Charakteristika stavby:<\/p>\n<\/div>\n\n\n\n<div class=\"wp-block-column\" style=\"flex-basis:66.66%\">\n<p>Realiz\u00e1cia prekl\u00e1dok in\u017einierskych siet\u00ed:<\/p>\n\n\n\n<ul><li>V\u00fdtla\u010dn\u00e1 kanaliz\u00e1cia DN 200, v d\u013a\u017eke 322 m<\/li><li>V\u00fdtla\u010dn\u00e1 kanaliz\u00e1cia DN 600, v d\u013a\u017eke 246 m<\/li><\/ul>\n<\/div>\n<\/div>\n\n\n\n<div class=\"wp-block-columns\">\n<div class=\"wp-block-column\" style=\"flex-basis:33.33%\">\n<p>Investor:<\/p>\n\n\n\n<p>Realiz\u00e1icia:<\/p>\n<\/div>\n\n\n\n<div class=\"wp-block-column\" style=\"flex-basis:66.66%\">\n<p>Ministerstvo dopravy a v\u00fdstavby Slovenskej Republiky<\/p>\n\n\n\n<p>06\/2018 &#8211; 07\/2018<\/p>\n<\/div>\n<\/div>\n","protected":false},"excerpt":{"rendered":"<p>Charakteristika stavby: Realiz\u00e1cia prekl\u00e1dok in\u017einierskych siet\u00ed: V\u00fdtla\u010dn\u00e1 kanaliz\u00e1cia DN 200, v d\u013a\u017eke 322 m V\u00fdtla\u010dn\u00e1 kanaliz\u00e1cia DN 600, v d\u013a\u017eke 246 m Investor: Realiz\u00e1icia: Ministerstvo dopravy a v\u00fdstavby Slovenskej Republiky 06\/2018 &#8211; 07\/2018<\/p>\n","protected":false},"author":1,"featured_media":0,"parent":202,"menu_order":1,"comment_status":"closed","ping_status":"closed","template":"","meta":{"_monsterinsights_skip_tracking":false,"_monsterinsights_sitenote_active":false,"_monsterinsights_sitenote_note":"","_monsterinsights_sitenote_category":0},"yoast_head":"<!-- This site is optimized with the Yoast SEO plugin v19.13 - https:\/\/yoast.com\/wordpress\/plugins\/seo\/ -->\n<title>D4R7 - D4 Jarovce - Ivanka sever - Aquastav, a.s.<\/title>\n<meta name=\"robots\" content=\"index, follow, max-snippet:-1, max-image-preview:large, max-video-preview:-1\" \/>\n<link rel=\"canonical\" href=\"https:\/\/www.aquastav.sk\/?page_id=205\" \/>\n<meta property=\"og:locale\" content=\"sk_SK\" \/>\n<meta property=\"og:type\" content=\"article\" \/>\n<meta property=\"og:title\" content=\"D4R7 - D4 Jarovce - Ivanka sever - Aquastav, a.s.\" \/>\n<meta property=\"og:description\" content=\"Charakteristika stavby: Realiz\u00e1cia prekl\u00e1dok in\u017einierskych siet\u00ed: V\u00fdtla\u010dn\u00e1 kanaliz\u00e1cia DN 200, v d\u013a\u017eke 322 m V\u00fdtla\u010dn\u00e1 kanaliz\u00e1cia DN 600, v d\u013a\u017eke 246 m Investor: Realiz\u00e1icia: Ministerstvo dopravy a v\u00fdstavby Slovenskej Republiky 06\/2018 &#8211; 07\/2018\" \/>\n<meta property=\"og:url\" content=\"https:\/\/www.aquastav.sk\/?page_id=205\" \/>\n<meta property=\"og:site_name\" content=\"Aquastav, a.s.\" \/>\n<meta property=\"article:modified_time\" content=\"2022-03-21T08:38:02+00:00\" \/>\n<meta name=\"twitter:card\" content=\"summary_large_image\" \/>\n<meta name=\"twitter:label1\" content=\"Predpokladan\u00fd \u010das \u010d\u00edtania\" \/>\n\t<meta name=\"twitter:data1\" content=\"1 min\u00fata\" \/>\n<script type=\"application\/ld+json\" class=\"yoast-schema-graph\">{\"@context\":\"https:\/\/schema.org\",\"@graph\":[{\"@type\":\"WebPage\",\"@id\":\"https:\/\/www.aquastav.sk\/?page_id=205\",\"url\":\"https:\/\/www.aquastav.sk\/?page_id=205\",\"name\":\"D4R7 - D4 Jarovce - Ivanka sever - Aquastav, a.s.\",\"isPartOf\":{\"@id\":\"https:\/\/www.aquastav.sk\/#website\"},\"datePublished\":\"2022-03-21T08:37:15+00:00\",\"dateModified\":\"2022-03-21T08:38:02+00:00\",\"breadcrumb\":{\"@id\":\"https:\/\/www.aquastav.sk\/?page_id=205#breadcrumb\"},\"inLanguage\":\"sk-SK\",\"potentialAction\":[{\"@type\":\"ReadAction\",\"target\":[\"https:\/\/www.aquastav.sk\/?page_id=205\"]}]},{\"@type\":\"BreadcrumbList\",\"@id\":\"https:\/\/www.aquastav.sk\/?page_id=205#breadcrumb\",\"itemListElement\":[{\"@type\":\"ListItem\",\"position\":1,\"name\":\"Home\",\"item\":\"https:\/\/www.aquastav.sk\/\"},{\"@type\":\"ListItem\",\"position\":2,\"name\":\"Referencie\",\"item\":\"https:\/\/www.aquastav.sk\/?page_id=10\"},{\"@type\":\"ListItem\",\"position\":3,\"name\":\"2018\",\"item\":\"https:\/\/www.aquastav.sk\/?page_id=202\"},{\"@type\":\"ListItem\",\"position\":4,\"name\":\"D4R7 &#8211; D4 Jarovce &#8211; Ivanka sever\"}]},{\"@type\":\"WebSite\",\"@id\":\"https:\/\/www.aquastav.sk\/#website\",\"url\":\"https:\/\/www.aquastav.sk\/\",\"name\":\"Aquastav, a.s.\",\"description\":\"\",\"publisher\":{\"@id\":\"https:\/\/www.aquastav.sk\/#organization\"},\"potentialAction\":[{\"@type\":\"SearchAction\",\"target\":{\"@type\":\"EntryPoint\",\"urlTemplate\":\"https:\/\/www.aquastav.sk\/?s={search_term_string}\"},\"query-input\":\"required name=search_term_string\"}],\"inLanguage\":\"sk-SK\"},{\"@type\":\"Organization\",\"@id\":\"https:\/\/www.aquastav.sk\/#organization\",\"name\":\"Aquastav, a.s.\",\"url\":\"https:\/\/www.aquastav.sk\/\",\"logo\":{\"@type\":\"ImageObject\",\"inLanguage\":\"sk-SK\",\"@id\":\"https:\/\/www.aquastav.sk\/#\/schema\/logo\/image\/\",\"url\":\"https:\/\/www.aquastav.sk\/wp-content\/uploads\/2022\/03\/logo.jpg\",\"contentUrl\":\"https:\/\/www.aquastav.sk\/wp-content\/uploads\/2022\/03\/logo.jpg\",\"width\":1176,\"height\":826,\"caption\":\"Aquastav, a.s.\"},\"image\":{\"@id\":\"https:\/\/www.aquastav.sk\/#\/schema\/logo\/image\/\"}}]}<\/script>\n<!-- \/ Yoast SEO plugin. -->","yoast_head_json":{"title":"D4R7 - D4 Jarovce - Ivanka sever - Aquastav, a.s.","robots":{"index":"index","follow":"follow","max-snippet":"max-snippet:-1","max-image-preview":"max-image-preview:large","max-video-preview":"max-video-preview:-1"},"canonical":"https:\/\/www.aquastav.sk\/?page_id=205","og_locale":"sk_SK","og_type":"article","og_title":"D4R7 - D4 Jarovce - Ivanka sever - Aquastav, a.s.","og_description":"Charakteristika stavby: Realiz\u00e1cia prekl\u00e1dok in\u017einierskych siet\u00ed: V\u00fdtla\u010dn\u00e1 kanaliz\u00e1cia DN 200, v d\u013a\u017eke 322 m V\u00fdtla\u010dn\u00e1 kanaliz\u00e1cia DN 600, v d\u013a\u017eke 246 m Investor: Realiz\u00e1icia: Ministerstvo dopravy a v\u00fdstavby Slovenskej Republiky 06\/2018 &#8211; 07\/2018","og_url":"https:\/\/www.aquastav.sk\/?page_id=205","og_site_name":"Aquastav, a.s.","article_modified_time":"2022-03-21T08:38:02+00:00","twitter_card":"summary_large_image","twitter_misc":{"Predpokladan\u00fd \u010das \u010d\u00edtania":"1 min\u00fata"},"schema":{"@context":"https:\/\/schema.org","@graph":[{"@type":"WebPage","@id":"https:\/\/www.aquastav.sk\/?page_id=205","url":"https:\/\/www.aquastav.sk\/?page_id=205","name":"D4R7 - D4 Jarovce - Ivanka sever - Aquastav, a.s.","isPartOf":{"@id":"https:\/\/www.aquastav.sk\/#website"},"datePublished":"2022-03-21T08:37:15+00:00","dateModified":"2022-03-21T08:38:02+00:00","breadcrumb":{"@id":"https:\/\/www.aquastav.sk\/?page_id=205#breadcrumb"},"inLanguage":"sk-SK","potentialAction":[{"@type":"ReadAction","target":["https:\/\/www.aquastav.sk\/?page_id=205"]}]},{"@type":"BreadcrumbList","@id":"https:\/\/www.aquastav.sk\/?page_id=205#breadcrumb","itemListElement":[{"@type":"ListItem","position":1,"name":"Home","item":"https:\/\/www.aquastav.sk\/"},{"@type":"ListItem","position":2,"name":"Referencie","item":"https:\/\/www.aquastav.sk\/?page_id=10"},{"@type":"ListItem","position":3,"name":"2018","item":"https:\/\/www.aquastav.sk\/?page_id=202"},{"@type":"ListItem","position":4,"name":"D4R7 &#8211; D4 Jarovce &#8211; Ivanka sever"}]},{"@type":"WebSite","@id":"https:\/\/www.aquastav.sk\/#website","url":"https:\/\/www.aquastav.sk\/","name":"Aquastav, a.s.","description":"","publisher":{"@id":"https:\/\/www.aquastav.sk\/#organization"},"potentialAction":[{"@type":"SearchAction","target":{"@type":"EntryPoint","urlTemplate":"https:\/\/www.aquastav.sk\/?s={search_term_string}"},"query-input":"required name=search_term_string"}],"inLanguage":"sk-SK"},{"@type":"Organization","@id":"https:\/\/www.aquastav.sk\/#organization","name":"Aquastav, a.s.","url":"https:\/\/www.aquastav.sk\/","logo":{"@type":"ImageObject","inLanguage":"sk-SK","@id":"https:\/\/www.aquastav.sk\/#\/schema\/logo\/image\/","url":"https:\/\/www.aquastav.sk\/wp-content\/uploads\/2022\/03\/logo.jpg","contentUrl":"https:\/\/www.aquastav.sk\/wp-content\/uploads\/2022\/03\/logo.jpg","width":1176,"height":826,"caption":"Aquastav, a.s."},"image":{"@id":"https:\/\/www.aquastav.sk\/#\/schema\/logo\/image\/"}}]}},"_links":{"self":[{"href":"https:\/\/www.aquastav.sk\/index.php?rest_route=\/wp\/v2\/pages\/205"}],"collection":[{"href":"https:\/\/www.aquastav.sk\/index.php?rest_route=\/wp\/v2\/pages"}],"about":[{"href":"https:\/\/www.aquastav.sk\/index.php?rest_route=\/wp\/v2\/types\/page"}],"author":[{"embeddable":true,"href":"https:\/\/www.aquastav.sk\/index.php?rest_route=\/wp\/v2\/users\/1"}],"replies":[{"embeddable":true,"href":"https:\/\/www.aquastav.sk\/index.php?rest_route=%2Fwp%2Fv2%2Fcomments&post=205"}],"version-history":[{"count":1,"href":"https:\/\/www.aquastav.sk\/index.php?rest_route=\/wp\/v2\/pages\/205\/revisions"}],"predecessor-version":[{"id":206,"href":"https:\/\/www.aquastav.sk\/index.php?rest_route=\/wp\/v2\/pages\/205\/revisions\/206"}],"up":[{"embeddable":true,"href":"https:\/\/www.aquastav.sk\/index.php?rest_route=\/wp\/v2\/pages\/202"}],"wp:attachment":[{"href":"https:\/\/www.aquastav.sk\/index.php?rest_route=%2Fwp%2Fv2%2Fmedia&parent=205"}],"curies":[{"name":"wp","href":"https:\/\/api.w.org\/{rel}","templated":true}]}}