{"id":15,"date":"2022-03-16T13:41:18","date_gmt":"2022-03-16T12:41:18","guid":{"rendered":"https:\/\/www.aquastav.sk\/?page_id=15"},"modified":"2025-03-23T15:10:26","modified_gmt":"2025-03-23T14:10:26","slug":"integrovany-system-manazerstva","status":"publish","type":"page","link":"https:\/\/www.aquastav.sk\/?page_id=15","title":{"rendered":"Integrovan\u00fd syst\u00e9m mana\u017e\u00e9rstva"},"content":{"rendered":"\n<p><\/p>\n\n\n\n<h3 class=\"has-text-align-center\">Politika ISM<\/h3>\n\n\n\n<div class=\"wp-block-columns\">\n<div class=\"wp-block-column\" style=\"flex-basis:66.66%\">\n<div class=\"wp-block-file alignright\"><a id=\"wp-block-file--media-364db10b-6f42-48d0-bb30-2adcb4c74933\" href=\"https:\/\/www.aquastav.sk\/wp-content\/uploads\/2022\/03\/RH-01-2020-Politika-ISM.pdf\" target=\"_blank\" rel=\"noreferrer noopener\">Politika ISM<\/a><a href=\"https:\/\/www.aquastav.sk\/wp-content\/uploads\/2022\/03\/RH-01-2020-Politika-ISM.pdf\" class=\"wp-block-file__button\" download aria-describedby=\"wp-block-file--media-364db10b-6f42-48d0-bb30-2adcb4c74933\">Stiahnu\u0165<\/a><\/div>\n<\/div>\n\n\n\n<div class=\"wp-block-column\" style=\"flex-basis:33.33%\"><\/div>\n<\/div>\n\n\n\n<h3 class=\"has-text-align-center\">Certifik\u00e1ty<\/h3>\n\n\n\n<div class=\"wp-block-columns\">\n<div class=\"wp-block-column\" style=\"flex-basis:66.66%\">\n<div class=\"wp-block-file alignright\"><a id=\"wp-block-file--media-8fbc7d67-1a9a-4b5e-9f85-aa10847ec92f\" href=\"https:\/\/www.aquastav.sk\/wp-content\/uploads\/2025\/03\/STN-ISO-9001.pdf\" target=\"_blank\" rel=\"noreferrer noopener\">STN ISO 9001<\/a><a href=\"https:\/\/www.aquastav.sk\/wp-content\/uploads\/2025\/03\/STN-ISO-9001.pdf\" class=\"wp-block-file__button\" download aria-describedby=\"wp-block-file--media-8fbc7d67-1a9a-4b5e-9f85-aa10847ec92f\">Stiahnu\u0165<\/a><\/div>\n<\/div>\n\n\n\n<div class=\"wp-block-column\" style=\"flex-basis:33.33%\"><\/div>\n<\/div>\n\n\n\n<div class=\"wp-block-columns\">\n<div class=\"wp-block-column\" style=\"flex-basis:66.66%\">\n<div class=\"wp-block-file alignright\"><a id=\"wp-block-file--media-29065c55-f900-4bd5-a2f5-3df2540a25fd\" href=\"https:\/\/www.aquastav.sk\/wp-content\/uploads\/2025\/03\/STN-ISO-14001.pdf\" target=\"_blank\" rel=\"noreferrer noopener\">STN ISO 14001<\/a><a href=\"https:\/\/www.aquastav.sk\/wp-content\/uploads\/2025\/03\/STN-ISO-14001.pdf\" class=\"wp-block-file__button\" download aria-describedby=\"wp-block-file--media-29065c55-f900-4bd5-a2f5-3df2540a25fd\">Stiahnu\u0165<\/a><\/div>\n<\/div>\n\n\n\n<div class=\"wp-block-column\" style=\"flex-basis:33.33%\"><\/div>\n<\/div>\n\n\n\n<div class=\"wp-block-columns\">\n<div class=\"wp-block-column\" style=\"flex-basis:66.66%\">\n<div class=\"wp-block-file alignright\"><a id=\"wp-block-file--media-ee83708d-69df-42bf-9b17-4023a6bda1cf\" href=\"https:\/\/www.aquastav.sk\/wp-content\/uploads\/2025\/03\/STN-ISO-45001.pdf\" target=\"_blank\" rel=\"noreferrer noopener\">STN ISO 45001<\/a><a href=\"https:\/\/www.aquastav.sk\/wp-content\/uploads\/2025\/03\/STN-ISO-45001.pdf\" class=\"wp-block-file__button\" download aria-describedby=\"wp-block-file--media-ee83708d-69df-42bf-9b17-4023a6bda1cf\">Stiahnu\u0165<\/a><\/div>\n<\/div>\n\n\n\n<div class=\"wp-block-column\" style=\"flex-basis:33.33%\"><\/div>\n<\/div>\n\n\n\n<p><\/p>\n","protected":false},"excerpt":{"rendered":"<p>Politika ISM Certifik\u00e1ty<\/p>\n","protected":false},"author":1,"featured_media":0,"parent":0,"menu_order":0,"comment_status":"closed","ping_status":"closed","template":"","meta":{"_monsterinsights_skip_tracking":false,"_monsterinsights_sitenote_active":false,"_monsterinsights_sitenote_note":"","_monsterinsights_sitenote_category":0},"yoast_head":"<!-- This site is optimized with the Yoast SEO plugin v19.13 - https:\/\/yoast.com\/wordpress\/plugins\/seo\/ -->\n<title>Integrovan\u00fd syst\u00e9m mana\u017e\u00e9rstva - Aquastav, a.s.<\/title>\n<meta name=\"robots\" content=\"index, follow, max-snippet:-1, max-image-preview:large, max-video-preview:-1\" \/>\n<link rel=\"canonical\" href=\"https:\/\/www.aquastav.sk\/?page_id=15\" \/>\n<meta property=\"og:locale\" content=\"sk_SK\" \/>\n<meta property=\"og:type\" content=\"article\" \/>\n<meta property=\"og:title\" content=\"Integrovan\u00fd syst\u00e9m mana\u017e\u00e9rstva - Aquastav, a.s.\" \/>\n<meta property=\"og:description\" content=\"Politika ISM Certifik\u00e1ty\" \/>\n<meta property=\"og:url\" content=\"https:\/\/www.aquastav.sk\/?page_id=15\" \/>\n<meta property=\"og:site_name\" content=\"Aquastav, a.s.\" \/>\n<meta property=\"article:modified_time\" content=\"2025-03-23T14:10:26+00:00\" \/>\n<meta name=\"twitter:card\" content=\"summary_large_image\" \/>\n<meta name=\"twitter:label1\" content=\"Predpokladan\u00fd \u010das \u010d\u00edtania\" \/>\n\t<meta name=\"twitter:data1\" content=\"1 min\u00fata\" \/>\n<script type=\"application\/ld+json\" class=\"yoast-schema-graph\">{\"@context\":\"https:\/\/schema.org\",\"@graph\":[{\"@type\":\"WebPage\",\"@id\":\"https:\/\/www.aquastav.sk\/?page_id=15\",\"url\":\"https:\/\/www.aquastav.sk\/?page_id=15\",\"name\":\"Integrovan\u00fd syst\u00e9m mana\u017e\u00e9rstva - Aquastav, a.s.\",\"isPartOf\":{\"@id\":\"https:\/\/www.aquastav.sk\/#website\"},\"datePublished\":\"2022-03-16T12:41:18+00:00\",\"dateModified\":\"2025-03-23T14:10:26+00:00\",\"breadcrumb\":{\"@id\":\"https:\/\/www.aquastav.sk\/?page_id=15#breadcrumb\"},\"inLanguage\":\"sk-SK\",\"potentialAction\":[{\"@type\":\"ReadAction\",\"target\":[\"https:\/\/www.aquastav.sk\/?page_id=15\"]}]},{\"@type\":\"BreadcrumbList\",\"@id\":\"https:\/\/www.aquastav.sk\/?page_id=15#breadcrumb\",\"itemListElement\":[{\"@type\":\"ListItem\",\"position\":1,\"name\":\"Home\",\"item\":\"https:\/\/www.aquastav.sk\/\"},{\"@type\":\"ListItem\",\"position\":2,\"name\":\"Integrovan\u00fd syst\u00e9m mana\u017e\u00e9rstva\"}]},{\"@type\":\"WebSite\",\"@id\":\"https:\/\/www.aquastav.sk\/#website\",\"url\":\"https:\/\/www.aquastav.sk\/\",\"name\":\"Aquastav, a.s.\",\"description\":\"\",\"publisher\":{\"@id\":\"https:\/\/www.aquastav.sk\/#organization\"},\"potentialAction\":[{\"@type\":\"SearchAction\",\"target\":{\"@type\":\"EntryPoint\",\"urlTemplate\":\"https:\/\/www.aquastav.sk\/?s={search_term_string}\"},\"query-input\":\"required name=search_term_string\"}],\"inLanguage\":\"sk-SK\"},{\"@type\":\"Organization\",\"@id\":\"https:\/\/www.aquastav.sk\/#organization\",\"name\":\"Aquastav, a.s.\",\"url\":\"https:\/\/www.aquastav.sk\/\",\"logo\":{\"@type\":\"ImageObject\",\"inLanguage\":\"sk-SK\",\"@id\":\"https:\/\/www.aquastav.sk\/#\/schema\/logo\/image\/\",\"url\":\"https:\/\/www.aquastav.sk\/wp-content\/uploads\/2022\/03\/logo.jpg\",\"contentUrl\":\"https:\/\/www.aquastav.sk\/wp-content\/uploads\/2022\/03\/logo.jpg\",\"width\":1176,\"height\":826,\"caption\":\"Aquastav, a.s.\"},\"image\":{\"@id\":\"https:\/\/www.aquastav.sk\/#\/schema\/logo\/image\/\"}}]}<\/script>\n<!-- \/ Yoast SEO plugin. -->","yoast_head_json":{"title":"Integrovan\u00fd syst\u00e9m mana\u017e\u00e9rstva - Aquastav, a.s.","robots":{"index":"index","follow":"follow","max-snippet":"max-snippet:-1","max-image-preview":"max-image-preview:large","max-video-preview":"max-video-preview:-1"},"canonical":"https:\/\/www.aquastav.sk\/?page_id=15","og_locale":"sk_SK","og_type":"article","og_title":"Integrovan\u00fd syst\u00e9m mana\u017e\u00e9rstva - Aquastav, a.s.","og_description":"Politika ISM Certifik\u00e1ty","og_url":"https:\/\/www.aquastav.sk\/?page_id=15","og_site_name":"Aquastav, a.s.","article_modified_time":"2025-03-23T14:10:26+00:00","twitter_card":"summary_large_image","twitter_misc":{"Predpokladan\u00fd \u010das \u010d\u00edtania":"1 min\u00fata"},"schema":{"@context":"https:\/\/schema.org","@graph":[{"@type":"WebPage","@id":"https:\/\/www.aquastav.sk\/?page_id=15","url":"https:\/\/www.aquastav.sk\/?page_id=15","name":"Integrovan\u00fd syst\u00e9m mana\u017e\u00e9rstva - Aquastav, a.s.","isPartOf":{"@id":"https:\/\/www.aquastav.sk\/#website"},"datePublished":"2022-03-16T12:41:18+00:00","dateModified":"2025-03-23T14:10:26+00:00","breadcrumb":{"@id":"https:\/\/www.aquastav.sk\/?page_id=15#breadcrumb"},"inLanguage":"sk-SK","potentialAction":[{"@type":"ReadAction","target":["https:\/\/www.aquastav.sk\/?page_id=15"]}]},{"@type":"BreadcrumbList","@id":"https:\/\/www.aquastav.sk\/?page_id=15#breadcrumb","itemListElement":[{"@type":"ListItem","position":1,"name":"Home","item":"https:\/\/www.aquastav.sk\/"},{"@type":"ListItem","position":2,"name":"Integrovan\u00fd syst\u00e9m mana\u017e\u00e9rstva"}]},{"@type":"WebSite","@id":"https:\/\/www.aquastav.sk\/#website","url":"https:\/\/www.aquastav.sk\/","name":"Aquastav, a.s.","description":"","publisher":{"@id":"https:\/\/www.aquastav.sk\/#organization"},"potentialAction":[{"@type":"SearchAction","target":{"@type":"EntryPoint","urlTemplate":"https:\/\/www.aquastav.sk\/?s={search_term_string}"},"query-input":"required name=search_term_string"}],"inLanguage":"sk-SK"},{"@type":"Organization","@id":"https:\/\/www.aquastav.sk\/#organization","name":"Aquastav, a.s.","url":"https:\/\/www.aquastav.sk\/","logo":{"@type":"ImageObject","inLanguage":"sk-SK","@id":"https:\/\/www.aquastav.sk\/#\/schema\/logo\/image\/","url":"https:\/\/www.aquastav.sk\/wp-content\/uploads\/2022\/03\/logo.jpg","contentUrl":"https:\/\/www.aquastav.sk\/wp-content\/uploads\/2022\/03\/logo.jpg","width":1176,"height":826,"caption":"Aquastav, a.s."},"image":{"@id":"https:\/\/www.aquastav.sk\/#\/schema\/logo\/image\/"}}]}},"_links":{"self":[{"href":"https:\/\/www.aquastav.sk\/index.php?rest_route=\/wp\/v2\/pages\/15"}],"collection":[{"href":"https:\/\/www.aquastav.sk\/index.php?rest_route=\/wp\/v2\/pages"}],"about":[{"href":"https:\/\/www.aquastav.sk\/index.php?rest_route=\/wp\/v2\/types\/page"}],"author":[{"embeddable":true,"href":"https:\/\/www.aquastav.sk\/index.php?rest_route=\/wp\/v2\/users\/1"}],"replies":[{"embeddable":true,"href":"https:\/\/www.aquastav.sk\/index.php?rest_route=%2Fwp%2Fv2%2Fcomments&post=15"}],"version-history":[{"count":4,"href":"https:\/\/www.aquastav.sk\/index.php?rest_route=\/wp\/v2\/pages\/15\/revisions"}],"predecessor-version":[{"id":231,"href":"https:\/\/www.aquastav.sk\/index.php?rest_route=\/wp\/v2\/pages\/15\/revisions\/231"}],"wp:attachment":[{"href":"https:\/\/www.aquastav.sk\/index.php?rest_route=%2Fwp%2Fv2%2Fmedia&parent=15"}],"curies":[{"name":"wp","href":"https:\/\/api.w.org\/{rel}","templated":true}]}}