{"id":10,"date":"2022-03-17T12:41:33","date_gmt":"2022-03-17T11:41:33","guid":{"rendered":"https:\/\/www.aquastav.sk\/?page_id=10"},"modified":"2022-03-21T13:08:06","modified_gmt":"2022-03-21T12:08:06","slug":"referencie","status":"publish","type":"page","link":"https:\/\/www.aquastav.sk\/?page_id=10","title":{"rendered":"Referencie"},"content":{"rendered":"\n<p><\/p>\n\n\n\n<div class=\"wp-container-1 wp-block-buttons\">\n<div class=\"wp-block-button has-custom-width wp-block-button__width-50\"><a class=\"wp-block-button__link\" href=\"https:\/\/www.aquastav.sk\/?page_id=115\">2021<\/a><\/div>\n\n\n\n<div class=\"wp-block-button has-custom-width wp-block-button__width-50\"><a class=\"wp-block-button__link\" href=\"https:\/\/www.aquastav.sk\/?page_id=155\">2020<\/a><\/div>\n\n\n\n<div class=\"wp-block-button has-custom-width wp-block-button__width-50\"><a class=\"wp-block-button__link\" href=\"https:\/\/www.aquastav.sk\/?page_id=185\">2019<\/a><\/div>\n<\/div>\n\n\n\n<p><\/p>\n\n\n\n<div class=\"wp-container-2 wp-block-buttons\">\n<div class=\"wp-block-button has-custom-width wp-block-button__width-50\"><a class=\"wp-block-button__link\" href=\"https:\/\/www.aquastav.sk\/?page_id=202\">2018<\/a><\/div>\n\n\n\n<div class=\"wp-block-button has-custom-width wp-block-button__width-50\"><a class=\"wp-block-button__link\" href=\"https:\/\/www.aquastav.sk\/?page_id=219\">2017<\/a><\/div>\n\n\n\n<div class=\"wp-block-button has-custom-width wp-block-button__width-50\"><a class=\"wp-block-button__link\">2016<\/a><\/div>\n<\/div>\n\n\n\n<p><\/p>\n","protected":false},"excerpt":{"rendered":"","protected":false},"author":1,"featured_media":0,"parent":0,"menu_order":0,"comment_status":"closed","ping_status":"closed","template":"","meta":{"_monsterinsights_skip_tracking":false,"_monsterinsights_sitenote_active":false,"_monsterinsights_sitenote_note":"","_monsterinsights_sitenote_category":0},"yoast_head":"<!-- This site is optimized with the Yoast SEO plugin v19.13 - https:\/\/yoast.com\/wordpress\/plugins\/seo\/ -->\n<title>Referencie - Aquastav, a.s.<\/title>\n<meta name=\"robots\" content=\"index, follow, max-snippet:-1, max-image-preview:large, max-video-preview:-1\" \/>\n<link rel=\"canonical\" href=\"https:\/\/www.aquastav.sk\/?page_id=10\" \/>\n<meta property=\"og:locale\" content=\"sk_SK\" \/>\n<meta property=\"og:type\" content=\"article\" \/>\n<meta property=\"og:title\" content=\"Referencie - Aquastav, a.s.\" \/>\n<meta property=\"og:url\" content=\"https:\/\/www.aquastav.sk\/?page_id=10\" \/>\n<meta property=\"og:site_name\" content=\"Aquastav, a.s.\" \/>\n<meta property=\"article:modified_time\" content=\"2022-03-21T12:08:06+00:00\" \/>\n<meta name=\"twitter:card\" content=\"summary_large_image\" \/>\n<meta name=\"twitter:label1\" content=\"Predpokladan\u00fd \u010das \u010d\u00edtania\" \/>\n\t<meta name=\"twitter:data1\" content=\"1 min\u00fata\" \/>\n<script type=\"application\/ld+json\" class=\"yoast-schema-graph\">{\"@context\":\"https:\/\/schema.org\",\"@graph\":[{\"@type\":\"WebPage\",\"@id\":\"https:\/\/www.aquastav.sk\/?page_id=10\",\"url\":\"https:\/\/www.aquastav.sk\/?page_id=10\",\"name\":\"Referencie - Aquastav, a.s.\",\"isPartOf\":{\"@id\":\"https:\/\/www.aquastav.sk\/#website\"},\"datePublished\":\"2022-03-17T11:41:33+00:00\",\"dateModified\":\"2022-03-21T12:08:06+00:00\",\"breadcrumb\":{\"@id\":\"https:\/\/www.aquastav.sk\/?page_id=10#breadcrumb\"},\"inLanguage\":\"sk-SK\",\"potentialAction\":[{\"@type\":\"ReadAction\",\"target\":[\"https:\/\/www.aquastav.sk\/?page_id=10\"]}]},{\"@type\":\"BreadcrumbList\",\"@id\":\"https:\/\/www.aquastav.sk\/?page_id=10#breadcrumb\",\"itemListElement\":[{\"@type\":\"ListItem\",\"position\":1,\"name\":\"Home\",\"item\":\"https:\/\/www.aquastav.sk\/\"},{\"@type\":\"ListItem\",\"position\":2,\"name\":\"Referencie\"}]},{\"@type\":\"WebSite\",\"@id\":\"https:\/\/www.aquastav.sk\/#website\",\"url\":\"https:\/\/www.aquastav.sk\/\",\"name\":\"Aquastav, a.s.\",\"description\":\"\",\"publisher\":{\"@id\":\"https:\/\/www.aquastav.sk\/#organization\"},\"potentialAction\":[{\"@type\":\"SearchAction\",\"target\":{\"@type\":\"EntryPoint\",\"urlTemplate\":\"https:\/\/www.aquastav.sk\/?s={search_term_string}\"},\"query-input\":\"required name=search_term_string\"}],\"inLanguage\":\"sk-SK\"},{\"@type\":\"Organization\",\"@id\":\"https:\/\/www.aquastav.sk\/#organization\",\"name\":\"Aquastav, a.s.\",\"url\":\"https:\/\/www.aquastav.sk\/\",\"logo\":{\"@type\":\"ImageObject\",\"inLanguage\":\"sk-SK\",\"@id\":\"https:\/\/www.aquastav.sk\/#\/schema\/logo\/image\/\",\"url\":\"https:\/\/www.aquastav.sk\/wp-content\/uploads\/2022\/03\/logo.jpg\",\"contentUrl\":\"https:\/\/www.aquastav.sk\/wp-content\/uploads\/2022\/03\/logo.jpg\",\"width\":1176,\"height\":826,\"caption\":\"Aquastav, a.s.\"},\"image\":{\"@id\":\"https:\/\/www.aquastav.sk\/#\/schema\/logo\/image\/\"}}]}<\/script>\n<!-- \/ Yoast SEO plugin. -->","yoast_head_json":{"title":"Referencie - Aquastav, a.s.","robots":{"index":"index","follow":"follow","max-snippet":"max-snippet:-1","max-image-preview":"max-image-preview:large","max-video-preview":"max-video-preview:-1"},"canonical":"https:\/\/www.aquastav.sk\/?page_id=10","og_locale":"sk_SK","og_type":"article","og_title":"Referencie - Aquastav, a.s.","og_url":"https:\/\/www.aquastav.sk\/?page_id=10","og_site_name":"Aquastav, a.s.","article_modified_time":"2022-03-21T12:08:06+00:00","twitter_card":"summary_large_image","twitter_misc":{"Predpokladan\u00fd \u010das \u010d\u00edtania":"1 min\u00fata"},"schema":{"@context":"https:\/\/schema.org","@graph":[{"@type":"WebPage","@id":"https:\/\/www.aquastav.sk\/?page_id=10","url":"https:\/\/www.aquastav.sk\/?page_id=10","name":"Referencie - Aquastav, a.s.","isPartOf":{"@id":"https:\/\/www.aquastav.sk\/#website"},"datePublished":"2022-03-17T11:41:33+00:00","dateModified":"2022-03-21T12:08:06+00:00","breadcrumb":{"@id":"https:\/\/www.aquastav.sk\/?page_id=10#breadcrumb"},"inLanguage":"sk-SK","potentialAction":[{"@type":"ReadAction","target":["https:\/\/www.aquastav.sk\/?page_id=10"]}]},{"@type":"BreadcrumbList","@id":"https:\/\/www.aquastav.sk\/?page_id=10#breadcrumb","itemListElement":[{"@type":"ListItem","position":1,"name":"Home","item":"https:\/\/www.aquastav.sk\/"},{"@type":"ListItem","position":2,"name":"Referencie"}]},{"@type":"WebSite","@id":"https:\/\/www.aquastav.sk\/#website","url":"https:\/\/www.aquastav.sk\/","name":"Aquastav, a.s.","description":"","publisher":{"@id":"https:\/\/www.aquastav.sk\/#organization"},"potentialAction":[{"@type":"SearchAction","target":{"@type":"EntryPoint","urlTemplate":"https:\/\/www.aquastav.sk\/?s={search_term_string}"},"query-input":"required name=search_term_string"}],"inLanguage":"sk-SK"},{"@type":"Organization","@id":"https:\/\/www.aquastav.sk\/#organization","name":"Aquastav, a.s.","url":"https:\/\/www.aquastav.sk\/","logo":{"@type":"ImageObject","inLanguage":"sk-SK","@id":"https:\/\/www.aquastav.sk\/#\/schema\/logo\/image\/","url":"https:\/\/www.aquastav.sk\/wp-content\/uploads\/2022\/03\/logo.jpg","contentUrl":"https:\/\/www.aquastav.sk\/wp-content\/uploads\/2022\/03\/logo.jpg","width":1176,"height":826,"caption":"Aquastav, a.s."},"image":{"@id":"https:\/\/www.aquastav.sk\/#\/schema\/logo\/image\/"}}]}},"_links":{"self":[{"href":"https:\/\/www.aquastav.sk\/index.php?rest_route=\/wp\/v2\/pages\/10"}],"collection":[{"href":"https:\/\/www.aquastav.sk\/index.php?rest_route=\/wp\/v2\/pages"}],"about":[{"href":"https:\/\/www.aquastav.sk\/index.php?rest_route=\/wp\/v2\/types\/page"}],"author":[{"embeddable":true,"href":"https:\/\/www.aquastav.sk\/index.php?rest_route=\/wp\/v2\/users\/1"}],"replies":[{"embeddable":true,"href":"https:\/\/www.aquastav.sk\/index.php?rest_route=%2Fwp%2Fv2%2Fcomments&post=10"}],"version-history":[{"count":6,"href":"https:\/\/www.aquastav.sk\/index.php?rest_route=\/wp\/v2\/pages\/10\/revisions"}],"predecessor-version":[{"id":221,"href":"https:\/\/www.aquastav.sk\/index.php?rest_route=\/wp\/v2\/pages\/10\/revisions\/221"}],"wp:attachment":[{"href":"https:\/\/www.aquastav.sk\/index.php?rest_route=%2Fwp%2Fv2%2Fmedia&parent=10"}],"curies":[{"name":"wp","href":"https:\/\/api.w.org\/{rel}","templated":true}]}}